{"id":2028,"date":"2026-04-28T11:35:41","date_gmt":"2026-04-28T08:35:41","guid":{"rendered":"https:\/\/revistapontica.com\/?page_id=2028"},"modified":"2026-04-28T11:37:56","modified_gmt":"2026-04-28T08:37:56","slug":"domenii-si-obiective","status":"publish","type":"page","link":"https:\/\/revistapontica.com\/en\/domenii-si-obiective\/","title":{"rendered":"Aims and Scope"},"content":{"rendered":"<div data-elementor-type=\"wp-page\" data-elementor-id=\"2028\" class=\"elementor elementor-2028\">\n\t\t\t\t<div class=\"elementor-element elementor-element-caf7996 e-flex e-con-boxed e-con e-parent\" data-id=\"caf7996\" data-element_type=\"container\" data-e-type=\"container\">\n\t\t\t\t\t<div class=\"e-con-inner\">\n\t\t<div class=\"elementor-element elementor-element-4fac271 e-con-full e-flex e-con e-child\" data-id=\"4fac271\" data-element_type=\"container\" data-e-type=\"container\" data-settings=\"{&quot;background_background&quot;:&quot;classic&quot;}\">\n\t\t<div class=\"elementor-element elementor-element-fc6db16 e-con-full e-flex e-con e-child\" data-id=\"fc6db16\" data-element_type=\"container\" data-e-type=\"container\">\n\t\t\t\t<div class=\"elementor-element elementor-element-df486dd elementor-widget elementor-widget-heading\" data-id=\"df486dd\" data-element_type=\"widget\" data-e-type=\"widget\" data-widget_type=\"heading.default\">\n\t\t\t\t\t<h2 class=\"elementor-heading-title elementor-size-default\">Aims and Scope<\/h2>\t\t\t\t<\/div>\n\t\t\t\t<\/div>\n\t\t<div class=\"elementor-element elementor-element-652f554 e-con-full e-flex e-con e-child\" data-id=\"652f554\" data-element_type=\"container\" data-e-type=\"container\">\n\t\t\t\t<\/div>\n\t\t\t\t<\/div>\n\t\t\t\t\t<\/div>\n\t\t\t\t<\/div>\n\t\t<div class=\"elementor-element elementor-element-de2e1f0 e-flex e-con-boxed e-con e-parent\" data-id=\"de2e1f0\" data-element_type=\"container\" data-e-type=\"container\">\n\t\t\t\t\t<div class=\"e-con-inner\">\n\t\t\t\t<div class=\"elementor-element elementor-element-df4d7c9 elementor-widget elementor-widget-text-editor\" data-id=\"df4d7c9\" data-element_type=\"widget\" data-e-type=\"widget\" data-widget_type=\"text-editor.default\">\n\t\t\t\t\t\t\t\t\t<p>PONTICA, annual journal of the National History and Archaeology Museum in Constan\u0163a, has been published continuously since 1968. Starting with 2009 it also features a series of Supplementa. The area of scientific interest covers archaeology, ancient and medieval history studies, grouped in thematic chapters, in accordance with the content of each issue: Historica, Archaeologica, Inventaria Archaeologica, Epigraphica, Nomismata, Auxiliaria (Interdisciplinary Analysis), Rencenzii etc.<\/p>\t\t\t\t\t\t\t\t<\/div>\n\t\t\t\t\t<\/div>\n\t\t\t\t<\/div>\n\t\t<div class=\"elementor-element elementor-element-51cd9ff e-flex e-con-boxed e-con e-parent\" data-id=\"51cd9ff\" data-element_type=\"container\" data-e-type=\"container\" data-settings=\"{&quot;background_background&quot;:&quot;classic&quot;}\">\n\t\t\t\t\t<div class=\"e-con-inner\">\n\t\t<div class=\"elementor-element elementor-element-298659c e-con-full e-flex e-con e-child\" data-id=\"298659c\" data-element_type=\"container\" data-e-type=\"container\">\n\t\t<div class=\"elementor-element elementor-element-f9f12c4 e-con-full e-flex e-con e-child\" data-id=\"f9f12c4\" data-element_type=\"container\" data-e-type=\"container\">\n\t\t\t\t<div class=\"elementor-element elementor-element-d9c7600 elementor-widget elementor-widget-spacer\" data-id=\"d9c7600\" data-element_type=\"widget\" data-e-type=\"widget\" data-widget_type=\"spacer.default\">\n\t\t\t\t\t\t\t<div class=\"elementor-spacer\">\n\t\t\t<div class=\"elementor-spacer-inner\"><\/div>\n\t\t<\/div>\n\t\t\t\t\t\t<\/div>\n\t\t\t\t<div class=\"elementor-element elementor-element-d142535 elementor-widget elementor-widget-spacer\" data-id=\"d142535\" data-element_type=\"widget\" data-e-type=\"widget\" data-widget_type=\"spacer.default\">\n\t\t\t\t\t\t\t<div class=\"elementor-spacer\">\n\t\t\t<div class=\"elementor-spacer-inner\"><\/div>\n\t\t<\/div>\n\t\t\t\t\t\t<\/div>\n\t\t\t\t<\/div>\n\t\t\t\t<\/div>\n\t\t\t\t\t<\/div>\n\t\t\t\t<\/div>\n\t\t<div class=\"elementor-element elementor-element-b8370d3 e-flex e-con-boxed e-con e-parent\" data-id=\"b8370d3\" data-element_type=\"container\" data-e-type=\"container\">\n\t\t\t\t\t<div class=\"e-con-inner\">\n\t\t\t\t<div class=\"elementor-element elementor-element-ed78199 elementor-widget elementor-widget-text-editor\" data-id=\"ed78199\" data-element_type=\"widget\" data-e-type=\"widget\" data-widget_type=\"text-editor.default\">\n\t\t\t\t\t\t\t\t\t<p>The main purpose of the magazine is to analyze important historical stages in which the Pontic area was defined as a contact area between the Aegean-Mediterranean and Transdanubian civilizations. These circuits concern: the Neolithic and Eneolithic cultures; elements of Greek-autochthonous cultural impact; the inclusion of the Pontic area in the Roman world as a stage preceding the expansion of Roman authority north of the Danube and in the intra-Carpathian space; the role of Christianity and late Romanism. Epigraphic and numismatic materials are also presented; secular reliefs and votive pieces; elements of architecture and Christian inventory; forms of urban organization; etc.<\/p><p><br \/>The journal is addressed to the national and international scientific community, which works in the humanities, such as archaeology, prehistory and ancient and medieval history, but also to young researchers, historians, archaeologists in training. If in the first years the publication functioned as a mirror of the scientific activity of the Constan\u021ba museum, the share of articles by specialists inside the institution being overwhelming, in the last decades there has been an influx of external contributions as well.<\/p>\t\t\t\t\t\t\t\t<\/div>\n\t\t\t\t\t<\/div>\n\t\t\t\t<\/div>\n\t\t<div class=\"elementor-element elementor-element-b09a607 e-flex e-con-boxed e-con e-parent\" data-id=\"b09a607\" data-element_type=\"container\" data-e-type=\"container\" data-settings=\"{&quot;background_background&quot;:&quot;classic&quot;}\">\n\t\t\t\t\t<div class=\"e-con-inner\">\n\t\t<div class=\"elementor-element elementor-element-307da69 e-con-full e-flex e-con e-child\" data-id=\"307da69\" data-element_type=\"container\" data-e-type=\"container\">\n\t\t\t\t<div class=\"elementor-element elementor-element-c431ca3 elementor-widget elementor-widget-heading\" data-id=\"c431ca3\" data-element_type=\"widget\" data-e-type=\"widget\" data-widget_type=\"heading.default\">\n\t\t\t\t\t<h2 class=\"elementor-heading-title elementor-size-default\">Pontica Journal<\/h2>\t\t\t\t<\/div>\n\t\t\t\t<\/div>\n\t\t<div class=\"elementor-element elementor-element-d1ca840 e-con-full e-flex e-con e-child\" data-id=\"d1ca840\" data-element_type=\"container\" data-e-type=\"container\">\n\t\t\t\t<div class=\"elementor-element elementor-element-f90d6f8 elementor-widget elementor-widget-button\" data-id=\"f90d6f8\" data-element_type=\"widget\" data-e-type=\"widget\" data-widget_type=\"button.default\">\n\t\t\t\t\t\t\t\t\t\t<a class=\"elementor-button elementor-button-link elementor-size-sm\" href=\"\/en\/contact\/\">\n\t\t\t\t\t\t<span class=\"elementor-button-content-wrapper\">\n\t\t\t\t\t\t\t\t\t<span class=\"elementor-button-text\">Contact<\/span>\n\t\t\t\t\t<\/span>\n\t\t\t\t\t<\/a>\n\t\t\t\t\t\t\t\t<\/div>\n\t\t\t\t<\/div>\n\t\t\t\t\t<\/div>\n\t\t\t\t<\/div>\n\t\t\t\t<\/div>","protected":false},"excerpt":{"rendered":"<p>Domenii \u0219i obiective Revista PONTICA, anuar al Muzeului de Istorie Na\u0163ional\u0103 \u015fi Arheologie Constan\u0163a, are o apari\u0163ie ne\u00eentrerupt\u0103 din anul 1968, dublat\u0103 de o serie de Supplementa, \u00eencep\u00e2nd cu anul 2009. Aria de interes \u0219tiin\u021bific acoper\u0103 studii de arheologie, istorie veche \u015fi medie, grupate \u00een subcapitole tematice alese \u00een func\u021bie de con\u021binutul fiec\u0103rui num\u0103r: Historica, [&hellip;]<\/p>\n","protected":false},"author":1,"featured_media":0,"parent":0,"menu_order":0,"comment_status":"closed","ping_status":"closed","template":"","meta":{"footnotes":""},"class_list":["post-2028","page","type-page","status-publish","hentry"],"_links":{"self":[{"href":"https:\/\/revistapontica.com\/en\/wp-json\/wp\/v2\/pages\/2028","targetHints":{"allow":["GET"]}}],"collection":[{"href":"https:\/\/revistapontica.com\/en\/wp-json\/wp\/v2\/pages"}],"about":[{"href":"https:\/\/revistapontica.com\/en\/wp-json\/wp\/v2\/types\/page"}],"author":[{"embeddable":true,"href":"https:\/\/revistapontica.com\/en\/wp-json\/wp\/v2\/users\/1"}],"replies":[{"embeddable":true,"href":"https:\/\/revistapontica.com\/en\/wp-json\/wp\/v2\/comments?post=2028"}],"version-history":[{"count":7,"href":"https:\/\/revistapontica.com\/en\/wp-json\/wp\/v2\/pages\/2028\/revisions"}],"predecessor-version":[{"id":2035,"href":"https:\/\/revistapontica.com\/en\/wp-json\/wp\/v2\/pages\/2028\/revisions\/2035"}],"wp:attachment":[{"href":"https:\/\/revistapontica.com\/en\/wp-json\/wp\/v2\/media?parent=2028"}],"curies":[{"name":"wp","href":"https:\/\/api.w.org\/{rel}","templated":true}]}}