{"id":2037,"date":"2026-04-28T11:40:41","date_gmt":"2026-04-28T08:40:41","guid":{"rendered":"https:\/\/revistapontica.com\/?page_id=2037"},"modified":"2026-04-28T11:42:18","modified_gmt":"2026-04-28T08:42:18","slug":"peer-review","status":"publish","type":"page","link":"https:\/\/revistapontica.com\/en\/peer-review\/","title":{"rendered":"Peer review"},"content":{"rendered":"<div data-elementor-type=\"wp-page\" data-elementor-id=\"2037\" class=\"elementor elementor-2037\">\n\t\t\t\t<div class=\"elementor-element elementor-element-caf7996 e-flex e-con-boxed e-con e-parent\" data-id=\"caf7996\" data-element_type=\"container\" data-e-type=\"container\">\n\t\t\t\t\t<div class=\"e-con-inner\">\n\t\t<div class=\"elementor-element elementor-element-4fac271 e-con-full e-flex e-con e-child\" data-id=\"4fac271\" data-element_type=\"container\" data-e-type=\"container\" data-settings=\"{&quot;background_background&quot;:&quot;classic&quot;}\">\n\t\t<div class=\"elementor-element elementor-element-fc6db16 e-con-full e-flex e-con e-child\" data-id=\"fc6db16\" data-element_type=\"container\" data-e-type=\"container\">\n\t\t\t\t<div class=\"elementor-element elementor-element-df486dd elementor-widget elementor-widget-heading\" data-id=\"df486dd\" data-element_type=\"widget\" data-e-type=\"widget\" data-widget_type=\"heading.default\">\n\t\t\t\t\t<h2 class=\"elementor-heading-title elementor-size-default\">Peer review<\/h2>\t\t\t\t<\/div>\n\t\t\t\t<\/div>\n\t\t<div class=\"elementor-element elementor-element-652f554 e-con-full e-flex e-con e-child\" data-id=\"652f554\" data-element_type=\"container\" data-e-type=\"container\">\n\t\t\t\t<\/div>\n\t\t\t\t<\/div>\n\t\t\t\t\t<\/div>\n\t\t\t\t<\/div>\n\t\t<div class=\"elementor-element elementor-element-de2e1f0 e-flex e-con-boxed e-con e-parent\" data-id=\"de2e1f0\" data-element_type=\"container\" data-e-type=\"container\">\n\t\t\t\t\t<div class=\"e-con-inner\">\n\t\t\t\t<div class=\"elementor-element elementor-element-df4d7c9 elementor-widget elementor-widget-text-editor\" data-id=\"df4d7c9\" data-element_type=\"widget\" data-e-type=\"widget\" data-widget_type=\"text-editor.default\">\n\t\t\t\t\t\t\t\t\t<p><strong>The evaluation process of the scientific journal Pontica and its adjacent Supplementa is carried out in accordance with international evaluation standards.<\/strong><\/p><p><strong>The method of attracting proposals for articles differs between the journal and its supplementa. For the journal, the invitation is published on the institution's website, together with the editorial rules, the address for sending contributions and the deadline for submitting papers. The same information is also announced when launching the invitation to attend the Pontica International Session organized annually by the National History and Archaeology Museum in Constan\u021ba, given that some of the articles published in the journal are first presented during this session.<\/strong><\/p>\t\t\t\t\t\t\t\t<\/div>\n\t\t\t\t<div class=\"elementor-element elementor-element-6bc8461 elementor-widget elementor-widget-text-editor\" data-id=\"6bc8461\" data-element_type=\"widget\" data-e-type=\"widget\" data-widget_type=\"text-editor.default\">\n\t\t\t\t\t\t\t\t\t<p><strong>For the supplementary issues, which are usually organized thematically, a list of authors whose fields of interest coincide with the theme of the respective volume is compiled. Personalized invitations for publication are sent, accompanied by a short argument intended to describe the editorial approach and the reasons for its initiation, both in Romanian and in English.<\/strong><\/p><p><strong>Authors will respect research ethics, by avoiding conflicts of interest, personal attacks, making slanderous statements, expressing unfounded opinions, intellectual theft, plagiarism, etc. They must have, where applicable, permission to publish all attached documents, such as photographs, maps, etc. and correctly mention all sources used in the article. It is not allowed to use A.I.-based tools (Chat GPT, etc.) to generate the text or any other elements of the article submitted to the Pontica editorial office.<\/strong><\/p>\t\t\t\t\t\t\t\t<\/div>\n\t\t\t\t\t<\/div>\n\t\t\t\t<\/div>\n\t\t<div class=\"elementor-element elementor-element-51cd9ff e-flex e-con-boxed e-con e-parent\" data-id=\"51cd9ff\" data-element_type=\"container\" data-e-type=\"container\" data-settings=\"{&quot;background_background&quot;:&quot;classic&quot;}\">\n\t\t\t\t\t<div class=\"e-con-inner\">\n\t\t<div class=\"elementor-element elementor-element-298659c e-con-full e-flex e-con e-child\" data-id=\"298659c\" data-element_type=\"container\" data-e-type=\"container\">\n\t\t<div class=\"elementor-element elementor-element-f9f12c4 e-con-full e-flex e-con e-child\" data-id=\"f9f12c4\" data-element_type=\"container\" data-e-type=\"container\">\n\t\t\t\t<div class=\"elementor-element elementor-element-d9c7600 elementor-widget elementor-widget-spacer\" data-id=\"d9c7600\" data-element_type=\"widget\" data-e-type=\"widget\" data-widget_type=\"spacer.default\">\n\t\t\t\t\t\t\t<div class=\"elementor-spacer\">\n\t\t\t<div class=\"elementor-spacer-inner\"><\/div>\n\t\t<\/div>\n\t\t\t\t\t\t<\/div>\n\t\t\t\t<div class=\"elementor-element elementor-element-d142535 elementor-widget elementor-widget-spacer\" data-id=\"d142535\" data-element_type=\"widget\" data-e-type=\"widget\" data-widget_type=\"spacer.default\">\n\t\t\t\t\t\t\t<div class=\"elementor-spacer\">\n\t\t\t<div class=\"elementor-spacer-inner\"><\/div>\n\t\t<\/div>\n\t\t\t\t\t\t<\/div>\n\t\t\t\t<\/div>\n\t\t\t\t<\/div>\n\t\t\t\t\t<\/div>\n\t\t\t\t<\/div>\n\t\t<div class=\"elementor-element elementor-element-b8370d3 e-flex e-con-boxed e-con e-parent\" data-id=\"b8370d3\" data-element_type=\"container\" data-e-type=\"container\">\n\t\t\t\t\t<div class=\"e-con-inner\">\n\t\t\t\t<div class=\"elementor-element elementor-element-ed78199 elementor-widget elementor-widget-text-editor\" data-id=\"ed78199\" data-element_type=\"widget\" data-e-type=\"widget\" data-widget_type=\"text-editor.default\">\n\t\t\t\t\t\t\t\t\t<p><strong>After centralizing the articles submitted for publication, they are submitted for review to Romanian or foreign personalities in the scientific field. The review proposals are accompanied by a standard evaluation form, which the reviewer must fill in and return to the editorial office. The review process is anonymized as far as the reviewers are concerned - the name of the reviewer is not made known to the authors whose article was the subject of the evaluation. In general, two review papers must be submitted for each article. If one of the two papers proposes the elimination of an article from the future summary, a third peer-review will be requested from one of the other specialists. If the article submitted is in a common language, the peer-review form will be in English, if it is in Romanian, the form will also be in Romanian.<\/strong><\/p><p><strong>The review process takes into account several evaluation criteria, such as the scientific quality of the articles, the thematic and chronological positioning of the articles in the journal profile, the veracity and sustainability of the information and statements made by the authors, the degree of originality, the belonging of the presented research to the geographical area of scientific interest \u2013 Dobrogea \u2013 (but not only), compliance with the publication rules imposed by the Pontica journal, the quality of the foreign language in which the article or its summary was written, the relevance of the bibliographic sources, etc. Authors should consider the revisions indicated by the reviewers, which are mostly mandatory. If these recommendations cannot be met, the author should thoroughly state the reasons.<\/strong><\/p>\t\t\t\t\t\t\t\t<\/div>\n\t\t\t\t\t<\/div>\n\t\t\t\t<\/div>\n\t\t<div class=\"elementor-element elementor-element-9c3f56d e-flex e-con-boxed e-con e-parent\" data-id=\"9c3f56d\" data-element_type=\"container\" data-e-type=\"container\" data-settings=\"{&quot;background_background&quot;:&quot;classic&quot;}\">\n\t\t\t\t\t<div class=\"e-con-inner\">\n\t\t<div class=\"elementor-element elementor-element-ed97c67 e-con-full e-flex e-con e-child\" data-id=\"ed97c67\" data-element_type=\"container\" data-e-type=\"container\">\n\t\t<div class=\"elementor-element elementor-element-f2afe2c e-con-full e-flex e-con e-child\" data-id=\"f2afe2c\" data-element_type=\"container\" data-e-type=\"container\">\n\t\t\t\t<div class=\"elementor-element elementor-element-a2d940b elementor-widget elementor-widget-spacer\" data-id=\"a2d940b\" data-element_type=\"widget\" data-e-type=\"widget\" data-widget_type=\"spacer.default\">\n\t\t\t\t\t\t\t<div class=\"elementor-spacer\">\n\t\t\t<div class=\"elementor-spacer-inner\"><\/div>\n\t\t<\/div>\n\t\t\t\t\t\t<\/div>\n\t\t\t\t<div class=\"elementor-element elementor-element-59e1beb elementor-widget elementor-widget-spacer\" data-id=\"59e1beb\" data-element_type=\"widget\" data-e-type=\"widget\" data-widget_type=\"spacer.default\">\n\t\t\t\t\t\t\t<div class=\"elementor-spacer\">\n\t\t\t<div class=\"elementor-spacer-inner\"><\/div>\n\t\t<\/div>\n\t\t\t\t\t\t<\/div>\n\t\t\t\t<\/div>\n\t\t\t\t<\/div>\n\t\t\t\t\t<\/div>\n\t\t\t\t<\/div>\n\t\t<div class=\"elementor-element elementor-element-081d802 e-flex e-con-boxed e-con e-parent\" data-id=\"081d802\" data-element_type=\"container\" data-e-type=\"container\">\n\t\t\t\t\t<div class=\"e-con-inner\">\n\t\t\t\t<div class=\"elementor-element elementor-element-2920105 elementor-widget elementor-widget-text-editor\" data-id=\"2920105\" data-element_type=\"widget\" data-e-type=\"widget\" data-widget_type=\"text-editor.default\">\n\t\t\t\t\t\t\t\t\t<p><strong>Failure to apply the majority of the recommendations made by the reviewers by the author\/authors may lead to the rejection of the article by the editor-in-chief and the editorial board. Also, any ethical violation will be resolved by the editor-in-chief and the editorial board, who have the right to reject articles that do not comply with the ethical norms of scientific research and the legislation in force (see Law No. 8\/1996 on copyright and related rights).<\/strong><\/p><p><strong>The editor-in-chief is responsible for the scientific quality of the journal and supervises all review and editing activities in order to ensure the scientific success of the journal in its field of activity. He maintains communication with the members of the editorial board in order to ensure its efficiency in all editing activities.<\/strong><\/p><p><strong>The last stage in the peer review process consists of presenting the reviews in a meeting of the Editorial Board, as well as proposals for accepting or rejecting scientific contributions for the respective issues. After establishing the summary of the volume, the stage of collation and final technical editing follows. The resulting manuscript in pdf format is then submitted to a publishing house.<\/strong><\/p>\t\t\t\t\t\t\t\t<\/div>\n\t\t\t\t\t<\/div>\n\t\t\t\t<\/div>\n\t\t<div class=\"elementor-element elementor-element-b09a607 e-flex e-con-boxed e-con e-parent\" data-id=\"b09a607\" data-element_type=\"container\" data-e-type=\"container\" data-settings=\"{&quot;background_background&quot;:&quot;classic&quot;}\">\n\t\t\t\t\t<div class=\"e-con-inner\">\n\t\t<div class=\"elementor-element elementor-element-307da69 e-con-full e-flex e-con e-child\" data-id=\"307da69\" data-element_type=\"container\" data-e-type=\"container\">\n\t\t\t\t<div class=\"elementor-element elementor-element-c431ca3 elementor-widget elementor-widget-heading\" data-id=\"c431ca3\" data-element_type=\"widget\" data-e-type=\"widget\" data-widget_type=\"heading.default\">\n\t\t\t\t\t<h2 class=\"elementor-heading-title elementor-size-default\">Pontica Journal<\/h2>\t\t\t\t<\/div>\n\t\t\t\t<\/div>\n\t\t<div class=\"elementor-element elementor-element-d1ca840 e-con-full e-flex e-con e-child\" data-id=\"d1ca840\" data-element_type=\"container\" data-e-type=\"container\">\n\t\t\t\t<div class=\"elementor-element elementor-element-f90d6f8 elementor-widget elementor-widget-button\" data-id=\"f90d6f8\" data-element_type=\"widget\" data-e-type=\"widget\" data-widget_type=\"button.default\">\n\t\t\t\t\t\t\t\t\t\t<a class=\"elementor-button elementor-button-link elementor-size-sm\" href=\"\/en\/contact\/\">\n\t\t\t\t\t\t<span class=\"elementor-button-content-wrapper\">\n\t\t\t\t\t\t\t\t\t<span class=\"elementor-button-text\">Contact<\/span>\n\t\t\t\t\t<\/span>\n\t\t\t\t\t<\/a>\n\t\t\t\t\t\t\t\t<\/div>\n\t\t\t\t<\/div>\n\t\t\t\t\t<\/div>\n\t\t\t\t<\/div>\n\t\t\t\t<\/div>","protected":false},"excerpt":{"rendered":"<p>Peer review Procesul de evaluare al revistei \u0219tiin\u021bifice Pontica \u0219i al Supplementa adiacente se desf\u0103\u0219oar\u0103 \u00een conformitate cu standardele de evaluare interna\u021bional\u0103. Modul de atragere a propunerilor pentru articole difer\u0103 \u00eentre revist\u0103 \u0219i numerele suplimentare. Pentru revist\u0103 invita\u021bia se public\u0103 pe site-ul institu\u021biei, \u00eempreun\u0103 cu normele de redactare, adresa de trimitere a contribu\u021biilor \u0219i termenul [&hellip;]<\/p>\n","protected":false},"author":1,"featured_media":0,"parent":0,"menu_order":0,"comment_status":"closed","ping_status":"closed","template":"","meta":{"footnotes":""},"class_list":["post-2037","page","type-page","status-publish","hentry"],"_links":{"self":[{"href":"https:\/\/revistapontica.com\/en\/wp-json\/wp\/v2\/pages\/2037","targetHints":{"allow":["GET"]}}],"collection":[{"href":"https:\/\/revistapontica.com\/en\/wp-json\/wp\/v2\/pages"}],"about":[{"href":"https:\/\/revistapontica.com\/en\/wp-json\/wp\/v2\/types\/page"}],"author":[{"embeddable":true,"href":"https:\/\/revistapontica.com\/en\/wp-json\/wp\/v2\/users\/1"}],"replies":[{"embeddable":true,"href":"https:\/\/revistapontica.com\/en\/wp-json\/wp\/v2\/comments?post=2037"}],"version-history":[{"count":4,"href":"https:\/\/revistapontica.com\/en\/wp-json\/wp\/v2\/pages\/2037\/revisions"}],"predecessor-version":[{"id":2041,"href":"https:\/\/revistapontica.com\/en\/wp-json\/wp\/v2\/pages\/2037\/revisions\/2041"}],"wp:attachment":[{"href":"https:\/\/revistapontica.com\/en\/wp-json\/wp\/v2\/media?parent=2037"}],"curies":[{"name":"wp","href":"https:\/\/api.w.org\/{rel}","templated":true}]}}