{"id":809,"date":"2026-03-13T09:08:36","date_gmt":"2026-03-13T07:08:36","guid":{"rendered":"https:\/\/revistapontica.com\/?page_id=809"},"modified":"2026-04-18T09:33:10","modified_gmt":"2026-04-18T06:33:10","slug":"norme-de-redactare","status":"publish","type":"page","link":"https:\/\/revistapontica.com\/en\/norme-de-redactare\/","title":{"rendered":"Publication guidelines"},"content":{"rendered":"<div data-elementor-type=\"wp-page\" data-elementor-id=\"809\" class=\"elementor elementor-809\">\n\t\t\t\t<div class=\"elementor-element elementor-element-caf7996 e-flex e-con-boxed e-con e-parent\" data-id=\"caf7996\" data-element_type=\"container\" data-e-type=\"container\">\n\t\t\t\t\t<div class=\"e-con-inner\">\n\t\t<div class=\"elementor-element elementor-element-4fac271 e-con-full e-flex e-con e-child\" data-id=\"4fac271\" data-element_type=\"container\" data-e-type=\"container\" data-settings=\"{&quot;background_background&quot;:&quot;classic&quot;}\">\n\t\t<div class=\"elementor-element elementor-element-fc6db16 e-con-full e-flex e-con e-child\" data-id=\"fc6db16\" data-element_type=\"container\" data-e-type=\"container\">\n\t\t\t\t<div class=\"elementor-element elementor-element-df486dd elementor-widget elementor-widget-heading\" data-id=\"df486dd\" data-element_type=\"widget\" data-e-type=\"widget\" data-widget_type=\"heading.default\">\n\t\t\t\t\t<h2 class=\"elementor-heading-title elementor-size-default\">Publication guidelines<\/h2>\t\t\t\t<\/div>\n\t\t\t\t<div class=\"elementor-element elementor-element-f3301de elementor-widget-divider--view-line elementor-widget elementor-widget-divider\" data-id=\"f3301de\" data-element_type=\"widget\" data-e-type=\"widget\" data-widget_type=\"divider.default\">\n\t\t\t\t\t\t\t<div class=\"elementor-divider\">\n\t\t\t<span class=\"elementor-divider-separator\">\n\t\t\t\t\t\t<\/span>\n\t\t<\/div>\n\t\t\t\t\t\t<\/div>\n\t\t\t\t<\/div>\n\t\t<div class=\"elementor-element elementor-element-652f554 e-con-full e-flex e-con e-child\" data-id=\"652f554\" data-element_type=\"container\" data-e-type=\"container\">\n\t\t\t\t<div class=\"elementor-element elementor-element-6535b8f elementor-widget elementor-widget-text-editor\" data-id=\"6535b8f\" data-element_type=\"widget\" data-e-type=\"widget\" data-widget_type=\"text-editor.default\">\n\t\t\t\t\t\t\t\t\t<p>Conditions for submitting manuscripts for the PONTICA journal<\/p>\t\t\t\t\t\t\t\t<\/div>\n\t\t\t\t<\/div>\n\t\t\t\t<\/div>\n\t\t\t\t\t<\/div>\n\t\t\t\t<\/div>\n\t\t<div class=\"elementor-element elementor-element-de2e1f0 e-flex e-con-boxed e-con e-parent\" data-id=\"de2e1f0\" data-element_type=\"container\" data-e-type=\"container\">\n\t\t\t\t\t<div class=\"e-con-inner\">\n\t\t\t\t<div class=\"elementor-element elementor-element-0f5305e elementor-widget elementor-widget-spacer\" data-id=\"0f5305e\" data-element_type=\"widget\" data-e-type=\"widget\" data-widget_type=\"spacer.default\">\n\t\t\t\t\t\t\t<div class=\"elementor-spacer\">\n\t\t\t<div class=\"elementor-spacer-inner\"><\/div>\n\t\t<\/div>\n\t\t\t\t\t\t<\/div>\n\t\t\t\t<div class=\"elementor-element elementor-element-df4d7c9 elementor-widget elementor-widget-text-editor\" data-id=\"df4d7c9\" data-element_type=\"widget\" data-e-type=\"widget\" data-widget_type=\"text-editor.default\">\n\t\t\t\t\t\t\t\t\t<p>It is preferable that the works, written in Romanian or in an internationally spoken language, be processed on a computer. <br \/>in accordance with the journal's editorial rules and be sent to the editorial office at <strong>revista.pontica@gmail.com.<\/strong><\/p><p>The text of the article and illustrations will be accompanied by the summary and keywords, in Romanian and English.<\/p>\t\t\t\t\t\t\t\t<\/div>\n\t\t\t\t<div class=\"elementor-element elementor-element-a01b6c9 e-n-tabs-mobile elementor-widget elementor-widget-n-tabs\" data-id=\"a01b6c9\" data-element_type=\"widget\" data-e-type=\"widget\" data-settings=\"{&quot;horizontal_scroll&quot;:&quot;disable&quot;}\" data-widget_type=\"nested-tabs.default\">\n\t\t\t\t\t\t\t<div class=\"e-n-tabs\" data-widget-number=\"167884489\" aria-label=\"File. Deschizi elementele cu tasta Enter sau Spa\u021biu, le \u00eenchizi cu Esc \u0219i navighezi folosind tastele s\u0103ge\u021bi.\">\n\t\t\t<div class=\"e-n-tabs-heading\" role=\"tablist\">\n\t\t\t\t\t<button id=\"e-n-tab-title-1678844891\" data-tab-title-id=\"e-n-tab-title-1678844891\" class=\"e-n-tab-title\" aria-selected=\"true\" data-tab-index=\"1\" role=\"tab\" tabindex=\"0\" aria-controls=\"e-n-tab-content-1678844891\" style=\"--n-tabs-title-order: 1;\">\n\t\t\t\t\t\t<span class=\"e-n-tab-title-text\">\n\t\t\t\ta) FOR TEXT\t\t\t<\/span>\n\t\t<\/button>\n\t\t\t\t<button id=\"e-n-tab-title-1678844892\" data-tab-title-id=\"e-n-tab-title-1678844892\" class=\"e-n-tab-title\" aria-selected=\"false\" data-tab-index=\"2\" role=\"tab\" tabindex=\"-1\" aria-controls=\"e-n-tab-content-1678844892\" style=\"--n-tabs-title-order: 2;\">\n\t\t\t\t\t\t<span class=\"e-n-tab-title-text\">\n\t\t\t\tb) ILUSTRATION\t\t\t<\/span>\n\t\t<\/button>\n\t\t\t\t\t<\/div>\n\t\t\t<div class=\"e-n-tabs-content\">\n\t\t\t\t<div id=\"e-n-tab-content-1678844891\" role=\"tabpanel\" aria-labelledby=\"e-n-tab-title-1678844891\" data-tab-index=\"1\" style=\"--n-tabs-title-order: 1;\" class=\"e-active elementor-element elementor-element-cd6216d e-con-full e-flex e-con e-child\" data-id=\"cd6216d\" data-element_type=\"container\" data-e-type=\"container\">\n\t\t<div class=\"elementor-element elementor-element-6643248 e-flex e-con-boxed e-con e-child\" data-id=\"6643248\" data-element_type=\"container\" data-e-type=\"container\">\n\t\t\t\t\t<div class=\"e-con-inner\">\n\t\t\t\t<div class=\"elementor-element elementor-element-df0c919 elementor-widget elementor-widget-text-editor\" data-id=\"df0c919\" data-element_type=\"widget\" data-e-type=\"widget\" data-widget_type=\"text-editor.default\">\n\t\t\t\t\t\t\t\t\t<p>Text, tables and images (figures, drawings, photographs) must be framed within the page. It is very good if tables and images (figures, drawings, photographs) are also sent separately. Explanations of figures should be sent separately, not inserted into the figure.<\/p><p>The required Font is <em>Palatino Linotype, <\/em>with the following dimensions:<\/p><p>\u2013 <em>article title <\/em>\u2013 12.5 points, condensed 0.4, bold, capital letters; author \u2013 12 points, condensed 0.4; <em>text <\/em>\u2013 10 points, extended 0.2; <em>footnotes <\/em>\u2013 8.5 points, extended 0.4; <em>summary <\/em>\u2013 10 points, extended 0.2; <em>bibliography <\/em>\u2013 9 points, extended 0.2.<\/p>\t\t\t\t\t\t\t\t<\/div>\n\t\t\t\t\t<\/div>\n\t\t\t\t<\/div>\n\t\t\t\t<\/div>\n\t\t<div id=\"e-n-tab-content-1678844892\" role=\"tabpanel\" aria-labelledby=\"e-n-tab-title-1678844892\" data-tab-index=\"2\" style=\"--n-tabs-title-order: 2;\" class=\"elementor-element elementor-element-b7d7c7d e-con-full e-flex e-con e-child\" data-id=\"b7d7c7d\" data-element_type=\"container\" data-e-type=\"container\">\n\t\t<div class=\"elementor-element elementor-element-9c6b693 e-flex e-con-boxed e-con e-child\" data-id=\"9c6b693\" data-element_type=\"container\" data-e-type=\"container\">\n\t\t\t\t\t<div class=\"e-con-inner\">\n\t\t\t\t<div class=\"elementor-element elementor-element-3cca9b6 elementor-widget elementor-widget-text-editor\" data-id=\"3cca9b6\" data-element_type=\"widget\" data-e-type=\"widget\" data-widget_type=\"text-editor.default\">\n\t\t\t\t\t\t\t\t\t<ul><li><p>The illustration will be provided in .jpeg or .tiff format, minimum resolution 300 dpi. If scanning according to the requirements is not possible, the author may send the illustration in the original (drawings, photographs, slides).<\/p><\/li><\/ul>\t\t\t\t\t\t\t\t<\/div>\n\t\t\t\t\t<\/div>\n\t\t\t\t<\/div>\n\t\t\t\t<\/div>\n\t\t\t\t\t<\/div>\n\t\t<\/div>\n\t\t\t\t\t\t<\/div>\n\t\t\t\t\t<\/div>\n\t\t\t\t<\/div>\n\t\t<div class=\"elementor-element elementor-element-51cd9ff e-flex e-con-boxed e-con e-parent\" data-id=\"51cd9ff\" data-element_type=\"container\" data-e-type=\"container\" data-settings=\"{&quot;background_background&quot;:&quot;classic&quot;}\">\n\t\t\t\t\t<div class=\"e-con-inner\">\n\t\t<div class=\"elementor-element elementor-element-298659c e-con-full e-flex e-con e-child\" data-id=\"298659c\" data-element_type=\"container\" data-e-type=\"container\">\n\t\t<div class=\"elementor-element elementor-element-f9f12c4 e-con-full e-flex e-con e-child\" data-id=\"f9f12c4\" data-element_type=\"container\" data-e-type=\"container\">\n\t\t\t\t<div class=\"elementor-element elementor-element-d9c7600 elementor-widget elementor-widget-spacer\" data-id=\"d9c7600\" data-element_type=\"widget\" data-e-type=\"widget\" data-widget_type=\"spacer.default\">\n\t\t\t\t\t\t\t<div class=\"elementor-spacer\">\n\t\t\t<div class=\"elementor-spacer-inner\"><\/div>\n\t\t<\/div>\n\t\t\t\t\t\t<\/div>\n\t\t\t\t<div class=\"elementor-element elementor-element-d142535 elementor-widget elementor-widget-spacer\" data-id=\"d142535\" data-element_type=\"widget\" data-e-type=\"widget\" data-widget_type=\"spacer.default\">\n\t\t\t\t\t\t\t<div class=\"elementor-spacer\">\n\t\t\t<div class=\"elementor-spacer-inner\"><\/div>\n\t\t<\/div>\n\t\t\t\t\t\t<\/div>\n\t\t\t\t<\/div>\n\t\t\t\t<\/div>\n\t\t\t\t\t<\/div>\n\t\t\t\t<\/div>\n\t\t<div class=\"elementor-element elementor-element-b8370d3 e-flex e-con-boxed e-con e-parent\" data-id=\"b8370d3\" data-element_type=\"container\" data-e-type=\"container\">\n\t\t\t\t\t<div class=\"e-con-inner\">\n\t\t\t\t<div class=\"elementor-element elementor-element-15050ba elementor-invisible elementor-widget elementor-widget-heading\" data-id=\"15050ba\" data-element_type=\"widget\" data-e-type=\"widget\" data-settings=\"{&quot;_animation&quot;:&quot;fadeInDown&quot;}\" data-widget_type=\"heading.default\">\n\t\t\t\t\t<h2 class=\"elementor-heading-title elementor-size-default\">The footnotes, numbered continuously, will be written according to the Anglo-Saxon system: <\/h2>\t\t\t\t<\/div>\n\t\t\t\t<div class=\"elementor-element elementor-element-4f541fa elementor-widget elementor-widget-spacer\" data-id=\"4f541fa\" data-element_type=\"widget\" data-e-type=\"widget\" data-widget_type=\"spacer.default\">\n\t\t\t\t\t\t\t<div class=\"elementor-spacer\">\n\t\t\t<div class=\"elementor-spacer-inner\"><\/div>\n\t\t<\/div>\n\t\t\t\t\t\t<\/div>\n\t\t\t\t<div class=\"elementor-element elementor-element-ed78199 elementor-widget elementor-widget-text-editor\" data-id=\"ed78199\" data-element_type=\"widget\" data-e-type=\"widget\" data-widget_type=\"text-editor.default\">\n\t\t\t\t\t\t\t\t\t<ul><li>author, year of publication of the work, page cited - if applicable, figure, table - (e.g.: PIPPIDI 1967, p. 84, fig. 3\/4), and finally a bibliographic list ordered alphabetically by the names of the authors and chronologically for each individual author should be attached.<\/li><\/ul>\t\t\t\t\t\t\t\t<\/div>\n\t\t\t\t\t<\/div>\n\t\t\t\t<\/div>\n\t\t<div class=\"elementor-element elementor-element-84f0e8b e-flex e-con-boxed e-con e-parent\" data-id=\"84f0e8b\" data-element_type=\"container\" data-e-type=\"container\">\n\t\t\t\t\t<div class=\"e-con-inner\">\n\t\t\t\t<div class=\"elementor-element elementor-element-d72a483 elementor-invisible elementor-widget elementor-widget-heading\" data-id=\"d72a483\" data-element_type=\"widget\" data-e-type=\"widget\" data-settings=\"{&quot;_animation&quot;:&quot;fadeInDown&quot;}\" data-widget_type=\"heading.default\">\n\t\t\t\t\t<h2 class=\"elementor-heading-title elementor-size-default\">The bibliographic list will be written in the form:<\/h2>\t\t\t\t<\/div>\n\t\t\t\t<div class=\"elementor-element elementor-element-e144499 elementor-widget elementor-widget-spacer\" data-id=\"e144499\" data-element_type=\"widget\" data-e-type=\"widget\" data-widget_type=\"spacer.default\">\n\t\t\t\t\t\t\t<div class=\"elementor-spacer\">\n\t\t\t<div class=\"elementor-spacer-inner\"><\/div>\n\t\t<\/div>\n\t\t\t\t\t\t<\/div>\n\t\t\t\t<div class=\"elementor-element elementor-element-8ef69ee elementor-widget elementor-widget-text-editor\" data-id=\"8ef69ee\" data-element_type=\"widget\" data-e-type=\"widget\" data-widget_type=\"text-editor.default\">\n\t\t\t\t\t\t\t\t\t<ul><li>for author's book: author's name, year of publication, title of the work, volume (number and title), edition, series (collection), number within the series or collection, place of publication.<\/li><\/ul>\t\t\t\t\t\t\t\t<\/div>\n\t\t\t\t<div class=\"elementor-element elementor-element-70597b7 elementor-invisible elementor-widget elementor-widget-text-editor\" data-id=\"70597b7\" data-element_type=\"widget\" data-e-type=\"widget\" data-settings=\"{&quot;_animation&quot;:&quot;fadeIn&quot;}\" data-widget_type=\"text-editor.default\">\n\t\t\t\t\t\t\t\t\t<p><strong>Examples<\/strong><em>:<\/em><\/p><p>MADGEARU 2011 \u2013 A. Madgearu, <em>Istoria militar\u0103 a Daciei post<\/em><em>\u2011<\/em><em>romane 275<\/em><em>\u2013<\/em><em>614<\/em>, T\u00e2rgovi\u0219te, 2011.<\/p><p>BARNEA, STEF\u0102NESCU 1971 \u2013 I. Barnea, \u015et. Stef\u0103nescu, <em>Din istoria Dobrogei. III. Bizantini, rom\u00e2ni \u0219i bulgari la Dun\u0103rea de Jos<\/em>, Bucure\u0219ti, 1971.<\/p><p>\u2013 for articles: author's name, year of publication, article title, publisher - for collective volumes, name of the publication or collective volume, volume, number, place of publication, pages of the article.<\/p><p><strong>Exemple:<\/strong><\/p><p>NUBAR 1970 \u2013 H. Nubar, <em>Sectorul basilica extra muros (1961\u20131964), <\/em>MCA 9 (1970), p. 193\u2013201.<\/p><p>VERTAN, GEORGESCU, OCHE\u0218EANU 1990 \u2013 A. Vertan, N. Georgescu, R. Oche\u015feanu, <em>Un depozit de denari romani republicani descoperit la Mangalia<\/em>, Pontica 23 (1990), p. 221\u2013224.<\/p><p>ROBU 2013 \u2013 A. Robu, <em>Sanctuare \u0219i rela\u021bii \u00eentre cet\u0103\u021bi \u00een lumea elenistic\u0103: exemplul cet\u0103\u021bilor Chalcedon \u0219i Byzantion<\/em>, \u00een: F. Panait\u2011B\u00eerzescu, I. B\u00eerzescu, F. Matei\u2011Popescu, A. Robu (\u00e9ds.), <em>Poleis \u00een Marea Neagr\u0103. Rela\u021bii interpontice \u0219i produc\u021bii locale<\/em>, Bucure\u015fti, 2013, p. 143\u2013157.<\/p><p>ANGELESCU, BOTTEZ, ACHIM 2018 \u2013 M. V. Angelescu, V. Bottez, I. Achim, <em>New research on the early christian basilicas in the southern part of the acropolis of Istros, <\/em>Dacia N. S. 61 (2018), p. 103\u2013154.<\/p><p>CONSTANTINESCU <em>et alii <\/em>2020 \u2013 B. Constantinescu, D. Stan, C. Toma, Fl. M\u0103rginean, <em>Rezultatele analizelor metalografice (XRF) efectuate pe monede de tip Toc<\/em><em>\u2011<\/em><em>Cherelu<\/em><em>\u015f<\/em><em> din descoperirile de la Feni<\/em><em>\u015f<\/em> <em>\u0219<\/em><em>i Pecica (jud. Arad)<\/em>, Cercet\u0103ri Numismatice 26 (2020), p. 51\u201360.<\/p>\t\t\t\t\t\t\t\t<\/div>\n\t\t\t\t\t<\/div>\n\t\t\t\t<\/div>\n\t\t<div class=\"elementor-element elementor-element-9411248 e-flex e-con-boxed e-con e-parent\" data-id=\"9411248\" data-element_type=\"container\" data-e-type=\"container\" data-settings=\"{&quot;background_background&quot;:&quot;classic&quot;}\">\n\t\t\t\t\t<div class=\"e-con-inner\">\n\t\t<div class=\"elementor-element elementor-element-d804610 e-con-full e-flex e-con e-child\" data-id=\"d804610\" data-element_type=\"container\" data-e-type=\"container\">\n\t\t<div class=\"elementor-element elementor-element-411c7ce e-con-full e-flex e-con e-child\" data-id=\"411c7ce\" data-element_type=\"container\" data-e-type=\"container\">\n\t\t\t\t<div class=\"elementor-element elementor-element-e4776de elementor-widget elementor-widget-spacer\" data-id=\"e4776de\" data-element_type=\"widget\" data-e-type=\"widget\" data-widget_type=\"spacer.default\">\n\t\t\t\t\t\t\t<div class=\"elementor-spacer\">\n\t\t\t<div class=\"elementor-spacer-inner\"><\/div>\n\t\t<\/div>\n\t\t\t\t\t\t<\/div>\n\t\t\t\t<div class=\"elementor-element elementor-element-e76b12f elementor-widget elementor-widget-spacer\" data-id=\"e76b12f\" data-element_type=\"widget\" data-e-type=\"widget\" data-widget_type=\"spacer.default\">\n\t\t\t\t\t\t\t<div class=\"elementor-spacer\">\n\t\t\t<div class=\"elementor-spacer-inner\"><\/div>\n\t\t<\/div>\n\t\t\t\t\t\t<\/div>\n\t\t\t\t<\/div>\n\t\t\t\t<\/div>\n\t\t\t\t\t<\/div>\n\t\t\t\t<\/div>\n\t\t<div class=\"elementor-element elementor-element-adce585 e-flex e-con-boxed e-con e-parent\" data-id=\"adce585\" data-element_type=\"container\" data-e-type=\"container\">\n\t\t\t\t\t<div class=\"e-con-inner\">\n\t\t\t\t<div class=\"elementor-element elementor-element-cb5b3ad elementor-widget elementor-widget-text-editor\" data-id=\"cb5b3ad\" data-element_type=\"widget\" data-e-type=\"widget\" data-widget_type=\"text-editor.default\">\n\t\t\t\t\t\t\t\t\t<p><strong>The titles for<\/strong> periodicals, volumes, catalogs, <em>corpora, <\/em>encyclopedias will be abbreviated as <em>Manuscript preparation rules, <\/em>Appendices 2 and 3 of SCIVA 46 (1995), 3\u20134, pp. 356\u2013370. Any other abbreviations other than those found in the cited work will be presented explicitly at the end of the bibliography.<\/p><p>The editorial team reserves the right to reject any defamatory or unscientific reference to individuals or scientific institutions.<\/p><p>Works can be sent to the address <strong>revista.pontica@gmail.com<\/strong>. Correspondence during the writing of the volume can be maintained at the same e-mail address or by phone: 0040\u2013241\u2013618763.<\/p>\t\t\t\t\t\t\t\t<\/div>\n\t\t\t\t\t<\/div>\n\t\t\t\t<\/div>\n\t\t<div class=\"elementor-element elementor-element-b09a607 e-flex e-con-boxed e-con e-parent\" data-id=\"b09a607\" data-element_type=\"container\" data-e-type=\"container\" data-settings=\"{&quot;background_background&quot;:&quot;classic&quot;}\">\n\t\t\t\t\t<div class=\"e-con-inner\">\n\t\t<div class=\"elementor-element elementor-element-307da69 e-con-full e-flex e-con e-child\" data-id=\"307da69\" data-element_type=\"container\" data-e-type=\"container\">\n\t\t\t\t<div class=\"elementor-element elementor-element-c431ca3 elementor-widget elementor-widget-heading\" data-id=\"c431ca3\" data-element_type=\"widget\" data-e-type=\"widget\" data-widget_type=\"heading.default\">\n\t\t\t\t\t<h2 class=\"elementor-heading-title elementor-size-default\">Pontica Magazine<\/h2>\t\t\t\t<\/div>\n\t\t\t\t<\/div>\n\t\t<div class=\"elementor-element elementor-element-d1ca840 e-con-full e-flex e-con e-child\" data-id=\"d1ca840\" data-element_type=\"container\" data-e-type=\"container\">\n\t\t\t\t<div class=\"elementor-element elementor-element-f90d6f8 elementor-widget elementor-widget-button\" data-id=\"f90d6f8\" data-element_type=\"widget\" data-e-type=\"widget\" data-widget_type=\"button.default\">\n\t\t\t\t\t\t\t\t\t\t<a class=\"elementor-button elementor-button-link elementor-size-sm\" href=\"\/en\/contact\/\">\n\t\t\t\t\t\t<span class=\"elementor-button-content-wrapper\">\n\t\t\t\t\t\t\t\t\t<span class=\"elementor-button-text\">Contact<\/span>\n\t\t\t\t\t<\/span>\n\t\t\t\t\t<\/a>\n\t\t\t\t\t\t\t\t<\/div>\n\t\t\t\t<\/div>\n\t\t\t\t\t<\/div>\n\t\t\t\t<\/div>\n\t\t\t\t<\/div>","protected":false},"excerpt":{"rendered":"<p>Norme de redactare Condi\u021bii de prezentare a manuscriselor pentru revista PONTICA Este preferabil ca lucr\u0103rile, redactate \u00een limba rom\u00e2n\u0103 sau \u00eentr\u2011o limb\u0103 de circula\u021bie interna\u021bional\u0103, s\u0103 fie procesate pe computer \u00een conformitate cu normele de redactare ale revistei \u0219i s\u0103 fie trimise redac\u021biei pe adresa revista.pontica@gmail.com. Textul articolului \u0219i ilustra\u021biile vor fi \u00eenso\u021bite de rezumatul [&hellip;]<\/p>\n","protected":false},"author":1,"featured_media":0,"parent":0,"menu_order":0,"comment_status":"closed","ping_status":"closed","template":"","meta":{"footnotes":""},"class_list":["post-809","page","type-page","status-publish","hentry"],"_links":{"self":[{"href":"https:\/\/revistapontica.com\/en\/wp-json\/wp\/v2\/pages\/809","targetHints":{"allow":["GET"]}}],"collection":[{"href":"https:\/\/revistapontica.com\/en\/wp-json\/wp\/v2\/pages"}],"about":[{"href":"https:\/\/revistapontica.com\/en\/wp-json\/wp\/v2\/types\/page"}],"author":[{"embeddable":true,"href":"https:\/\/revistapontica.com\/en\/wp-json\/wp\/v2\/users\/1"}],"replies":[{"embeddable":true,"href":"https:\/\/revistapontica.com\/en\/wp-json\/wp\/v2\/comments?post=809"}],"version-history":[{"count":10,"href":"https:\/\/revistapontica.com\/en\/wp-json\/wp\/v2\/pages\/809\/revisions"}],"predecessor-version":[{"id":941,"href":"https:\/\/revistapontica.com\/en\/wp-json\/wp\/v2\/pages\/809\/revisions\/941"}],"wp:attachment":[{"href":"https:\/\/revistapontica.com\/en\/wp-json\/wp\/v2\/media?parent=809"}],"curies":[{"name":"wp","href":"https:\/\/api.w.org\/{rel}","templated":true}]}}