{"id":815,"date":"2026-03-13T09:29:33","date_gmt":"2026-03-13T07:29:33","guid":{"rendered":"https:\/\/revistapontica.com\/?page_id=815"},"modified":"2026-03-13T09:39:09","modified_gmt":"2026-03-13T07:39:09","slug":"procesul-de-recenzare","status":"publish","type":"page","link":"https:\/\/revistapontica.com\/en\/procesul-de-recenzare\/","title":{"rendered":"The review process"},"content":{"rendered":"<div data-elementor-type=\"wp-page\" data-elementor-id=\"815\" class=\"elementor elementor-815\">\n\t\t\t\t<div class=\"elementor-element elementor-element-caf7996 e-flex e-con-boxed e-con e-parent\" data-id=\"caf7996\" data-element_type=\"container\" data-e-type=\"container\">\n\t\t\t\t\t<div class=\"e-con-inner\">\n\t\t<div class=\"elementor-element elementor-element-4fac271 e-con-full e-flex e-con e-child\" data-id=\"4fac271\" data-element_type=\"container\" data-e-type=\"container\" data-settings=\"{&quot;background_background&quot;:&quot;classic&quot;}\">\n\t\t<div class=\"elementor-element elementor-element-fc6db16 e-con-full e-flex e-con e-child\" data-id=\"fc6db16\" data-element_type=\"container\" data-e-type=\"container\">\n\t\t\t\t<div class=\"elementor-element elementor-element-df486dd elementor-widget elementor-widget-heading\" data-id=\"df486dd\" data-element_type=\"widget\" data-e-type=\"widget\" data-widget_type=\"heading.default\">\n\t\t\t\t\t<h2 class=\"elementor-heading-title elementor-size-default\">Peer review<\/h2>\t\t\t\t<\/div>\n\t\t\t\t<div class=\"elementor-element elementor-element-f3301de elementor-widget-divider--view-line elementor-widget elementor-widget-divider\" data-id=\"f3301de\" data-element_type=\"widget\" data-e-type=\"widget\" data-widget_type=\"divider.default\">\n\t\t\t\t\t\t\t<div class=\"elementor-divider\">\n\t\t\t<span class=\"elementor-divider-separator\">\n\t\t\t\t\t\t<\/span>\n\t\t<\/div>\n\t\t\t\t\t\t<\/div>\n\t\t\t\t<\/div>\n\t\t<div class=\"elementor-element elementor-element-652f554 e-con-full e-flex e-con e-child\" data-id=\"652f554\" data-element_type=\"container\" data-e-type=\"container\">\n\t\t\t\t<div class=\"elementor-element elementor-element-6535b8f elementor-widget elementor-widget-text-editor\" data-id=\"6535b8f\" data-element_type=\"widget\" data-e-type=\"widget\" data-widget_type=\"text-editor.default\">\n\t\t\t\t\t\t\t\t\t<p>The review process<\/p>\t\t\t\t\t\t\t\t<\/div>\n\t\t\t\t<\/div>\n\t\t\t\t<\/div>\n\t\t\t\t\t<\/div>\n\t\t\t\t<\/div>\n\t\t<div class=\"elementor-element elementor-element-de2e1f0 e-flex e-con-boxed e-con e-parent\" data-id=\"de2e1f0\" data-element_type=\"container\" data-e-type=\"container\">\n\t\t\t\t\t<div class=\"e-con-inner\">\n\t\t\t\t<div class=\"elementor-element elementor-element-aec5a06 elementor-invisible elementor-widget elementor-widget-image\" data-id=\"aec5a06\" data-element_type=\"widget\" data-e-type=\"widget\" data-settings=\"{&quot;_animation&quot;:&quot;fadeInDown&quot;}\" data-widget_type=\"image.default\">\n\t\t\t\t\t\t\t\t\t\t\t\t\t\t\t<img fetchpriority=\"high\" decoding=\"async\" width=\"768\" height=\"419\" src=\"https:\/\/revistapontica.com\/wp-content\/uploads\/2026\/03\/pontica-peer-review-768x419.jpg\" class=\"attachment-medium_large size-medium_large wp-image-818\" alt=\"\" srcset=\"https:\/\/revistapontica.com\/wp-content\/uploads\/2026\/03\/pontica-peer-review-768x419.jpg 768w, https:\/\/revistapontica.com\/wp-content\/uploads\/2026\/03\/pontica-peer-review-300x164.jpg 300w, https:\/\/revistapontica.com\/wp-content\/uploads\/2026\/03\/pontica-peer-review-1024x558.jpg 1024w, https:\/\/revistapontica.com\/wp-content\/uploads\/2026\/03\/pontica-peer-review.jpg 1200w\" sizes=\"(max-width: 768px) 100vw, 768px\" \/>\t\t\t\t\t\t\t\t\t\t\t\t\t\t\t<\/div>\n\t\t\t\t<div class=\"elementor-element elementor-element-0f5305e elementor-widget elementor-widget-spacer\" data-id=\"0f5305e\" data-element_type=\"widget\" data-e-type=\"widget\" data-widget_type=\"spacer.default\">\n\t\t\t\t\t\t\t<div class=\"elementor-spacer\">\n\t\t\t<div class=\"elementor-spacer-inner\"><\/div>\n\t\t<\/div>\n\t\t\t\t\t\t<\/div>\n\t\t\t\t<div class=\"elementor-element elementor-element-df4d7c9 elementor-widget elementor-widget-text-editor\" data-id=\"df4d7c9\" data-element_type=\"widget\" data-e-type=\"widget\" data-widget_type=\"text-editor.default\">\n\t\t\t\t\t\t\t\t\t<p>Once the centralization stage of articles submitted for publication is completed, they will be sent for review to personalities in the scientific field, both from the country and abroad.<\/p><p>\u00a0\u00a0\u00a0\u00a0\u00a0\u00a0 The review process takes into account the scientific quality of the articles, the veracity and sustainability of the information and statements made by the authors, the relevance of the research presented to the geographical area of \u200b\u200bscientific interest \u2013 Dobrogea \u2013, compliance with the publication rules imposed by the Pontica journal, the quality of the foreign language in which the article or its summary was written, etc.<\/p><p>\u00a0\u00a0\u00a0\u00a0\u00a0 The next stage consists of presenting the reviews in a meeting of the editorial board, as well as the proposals for acceptance or rejection of scientific contributions for the respective issue. After establishing the summary of the volume, the stage of collation and technical editing begins.<\/p>\t\t\t\t\t\t\t\t<\/div>\n\t\t\t\t\t<\/div>\n\t\t\t\t<\/div>\n\t\t<div class=\"elementor-element elementor-element-b09a607 e-flex e-con-boxed e-con e-parent\" data-id=\"b09a607\" data-element_type=\"container\" data-e-type=\"container\" data-settings=\"{&quot;background_background&quot;:&quot;classic&quot;}\">\n\t\t\t\t\t<div class=\"e-con-inner\">\n\t\t<div class=\"elementor-element elementor-element-307da69 e-con-full e-flex e-con e-child\" data-id=\"307da69\" data-element_type=\"container\" data-e-type=\"container\">\n\t\t\t\t<div class=\"elementor-element elementor-element-c431ca3 elementor-widget elementor-widget-heading\" data-id=\"c431ca3\" data-element_type=\"widget\" data-e-type=\"widget\" data-widget_type=\"heading.default\">\n\t\t\t\t\t<h2 class=\"elementor-heading-title elementor-size-default\">Pontica Magazine<\/h2>\t\t\t\t<\/div>\n\t\t\t\t<\/div>\n\t\t<div class=\"elementor-element elementor-element-d1ca840 e-con-full e-flex e-con e-child\" data-id=\"d1ca840\" data-element_type=\"container\" data-e-type=\"container\">\n\t\t\t\t<div class=\"elementor-element elementor-element-f90d6f8 elementor-widget elementor-widget-button\" data-id=\"f90d6f8\" data-element_type=\"widget\" data-e-type=\"widget\" data-widget_type=\"button.default\">\n\t\t\t\t\t\t\t\t\t\t<a class=\"elementor-button elementor-button-link elementor-size-sm\" href=\"\/en\/contact\/\">\n\t\t\t\t\t\t<span class=\"elementor-button-content-wrapper\">\n\t\t\t\t\t\t\t\t\t<span class=\"elementor-button-text\">Contact<\/span>\n\t\t\t\t\t<\/span>\n\t\t\t\t\t<\/a>\n\t\t\t\t\t\t\t\t<\/div>\n\t\t\t\t<\/div>\n\t\t\t\t\t<\/div>\n\t\t\t\t<\/div>\n\t\t\t\t<\/div>","protected":false},"excerpt":{"rendered":"<p>Peer review Procesul de recenzare Odat\u0103 ce etapa de centralizare a articolelor trimise spre publicare este \u00eencheiat\u0103, acestea vor fi trimise spre recenzare unor personalit\u0103\u021bi din domeniul \u0219tiin\u021bific, atat din \u021bar\u0103 c\u00e2t \u0219i din str\u0103in\u0103tate. \u00a0\u00a0\u00a0\u00a0\u00a0\u00a0 \u00cen procesul de recenzare se au \u00een vedere calitatea \u015ftiin\u0163ific\u0103 a articolelor, veridicitatea \u015fi sustenabilitatea informa\u0163iilor \u015fi a afirma\u0163iilor [&hellip;]<\/p>\n","protected":false},"author":1,"featured_media":0,"parent":0,"menu_order":0,"comment_status":"closed","ping_status":"closed","template":"","meta":{"footnotes":""},"class_list":["post-815","page","type-page","status-publish","hentry"],"_links":{"self":[{"href":"https:\/\/revistapontica.com\/en\/wp-json\/wp\/v2\/pages\/815","targetHints":{"allow":["GET"]}}],"collection":[{"href":"https:\/\/revistapontica.com\/en\/wp-json\/wp\/v2\/pages"}],"about":[{"href":"https:\/\/revistapontica.com\/en\/wp-json\/wp\/v2\/types\/page"}],"author":[{"embeddable":true,"href":"https:\/\/revistapontica.com\/en\/wp-json\/wp\/v2\/users\/1"}],"replies":[{"embeddable":true,"href":"https:\/\/revistapontica.com\/en\/wp-json\/wp\/v2\/comments?post=815"}],"version-history":[{"count":4,"href":"https:\/\/revistapontica.com\/en\/wp-json\/wp\/v2\/pages\/815\/revisions"}],"predecessor-version":[{"id":821,"href":"https:\/\/revistapontica.com\/en\/wp-json\/wp\/v2\/pages\/815\/revisions\/821"}],"wp:attachment":[{"href":"https:\/\/revistapontica.com\/en\/wp-json\/wp\/v2\/media?parent=815"}],"curies":[{"name":"wp","href":"https:\/\/api.w.org\/{rel}","templated":true}]}}